{"id":394,"date":"2026-02-09T11:12:48","date_gmt":"2026-02-09T08:12:48","guid":{"rendered":"https:\/\/www.ayzclinic.com\/asst-prof-asli-datli\/"},"modified":"2026-02-09T11:49:12","modified_gmt":"2026-02-09T08:49:12","slug":"asst-prof-asli-datli","status":"publish","type":"page","link":"https:\/\/www.ayzclinic.com\/de\/asst-prof-asli-datli\/","title":{"rendered":"Asst. Prof. Asl\u0131 Datl\u0131"},"content":{"rendered":"<table>\n<tbody>\n<tr>\n<td width=\"470\"><strong>ASLI DATLI<\/strong><\/p>\n<p><strong>Dr. DOZENTIN \/ LEHRBEAUFTRAGTE <\/strong><\/p>\n<p><strong>E-MAIL:<\/strong> <a href=\"mailto:aslidatli@gmail.com\">aslidatli@gmail.com<\/a><\/p>\n<p><strong>ADRESSE:<\/strong> Ulus Ahmet Adnan Saygun cad. Canan Sk. 34340 Be\u015fikta\u015f \u0130stanbul<\/td>\n<\/tr>\n<\/tbody>\n<\/table>\n<h2>KLINISCHE LAUFBAHN<\/h2>\n<p>2025- Heute <strong>Istinye University, LIV Hospital, Ulus <\/strong> Istanbul, T\u00dcRKEI<\/p>\n<p>2019- 2025 <strong>Istinye University, Medicalpark GOP Hospital <\/strong>Istanbul, T\u00dcRKEI<\/p>\n<p>2018-2019 <strong>Ayd\u0131n University, Medicalpark Liv Florya Hospital <\/strong>Istanbul, T\u00fcrkei<\/p>\n<p>2016 &#8211; 2018 <strong>Gumushane State Hospital <\/strong>Gumushane, T\u00dcRKEI<\/p>\n<p>2015 &#8211; 2016 <strong>ASAN Medical Centre<\/strong> Seoul, S\u00dcDKOREA<\/p>\n<h2>Fellowship in Rekonstruktiver Mikrochirurgie<\/h2>\n<p>2011 &#8211; 2016 <strong>Bagcilar Training and Research Hospital <\/strong>Istanbul, T\u00dcRKEI<\/p>\n<h2>Facharztausbildung in Plastischer, Rekonstruktiver und \u00c4sthetischer Chirurgie<\/h2>\n<h2>AUSBILDUNG<\/h2>\n<p>2003 &#8211; 2009 <strong>Istanbul University, Istanbul Medical Faculty <\/strong>Istanbul, T\u00dcRKEI<\/p>\n<p>2007 &#8211; 2008 <strong>Muenster <\/strong><strong>University <\/strong>Muenster, DEUTSCHLAND<\/p>\n<h2><em>Austauschstudentin<\/em><\/h2>\n<p>2000 &#8211; 2003 <strong>Yusuf Ziya Oner Science High School <\/strong>Antalya, T\u00dcRKEI<\/p>\n<h2>PERS\u00d6NLICHE ANGABEN<\/h2>\n<ul>\n<li>Geburtsjahr: 1985<\/li>\n<li>Geburtsort: Af\u015fin<\/li>\n<li>Familienstand: Ledig<\/li>\n<li>Sprachen: T\u00fcrkisch (Muttersprache), Englisch (flie\u00dfend), Deutsch (Mittelstufe)<\/li>\n<\/ul>\n<h2>DISSERTATION<\/h2>\n<p>\u2018Biogenetic, Biochemical and Histopathological Evaluation of Hyperbaric Oxygen and Ozone Therapies in Reperfusion Injury on an Experimental Rat Rectus Abdominis Muscle Flap Model\u2019<\/p>\n<h2>AUSZEICHNUNGEN<\/h2>\n<p>BEST ASIAN PAPER award in <em>Plastic and Reconstructive Surgery \u2013 Global Open <\/em>f\u00fcr das Jahr 2017: \u201cFree-style Deepithelialized Propeller Flaps: An Ideal Local Flap to Obliterate Wounds with Dead Space\u201d<\/p>\n<h2>ARTIKEL<\/h2>\n<ol>\n<li>Basaran K, <strong>Datli A<\/strong>, Sagir M, Sar M, Bilgi E. Blunt Trauma Induced Closed Femoral Bone Fracture in a Rat Model: Are Vessels Safe to Use for Microsurgery? Further Insight into the Zone of Injury Concept. J Reconstr Microsurg 2025; 41(02):149-155<\/li>\n<li>Gurbuz MS, <strong>Datli A<\/strong>. Is It a Mind Game? Do Visual and Psychological Perceptions Differ Between Aesthetic Surgery Patients and Healthy Controls? Aesthetic Plast Surg. 2024;49(3):962-968. doi: 10.1007\/s00266-024-04540-x. Epub ahead of print. PMID: 39586864.<\/li>\n<li>Caghan P, Aktokmakyan TV, Savas OA, Okyay O, <strong>Datli A<\/strong>, Elmali N, Sumer A. Panniculectomy with bariatric surgery in super morbid obesity patients. Ann Ital Chir. 2023 Sep 5;12:S2239253X23039282. PMID: 37737667.<\/li>\n<li><strong>Datli A<\/strong>, Demirel O. Application of the free-style brachial artery perforator based propellar flap in the management of axillary hidradenitis suppurativa. Int Wound J 2023;20(5):1552-1557. doi: 10.1111\/iwj.14010.<\/li>\n<li>Demirel O, <strong>Datli A<\/strong>. Double layer lateral crural perichondrial flap for coverage and stabilization of tip graft. Aesthetic Plastic Surg. 2022;46(2):862-870. doi:<a href=\"https:\/\/doi.org\/10.1007\/s00266-021-02549-0\" target=\"_blank\" rel=\"noopener\">1007\/s00266-021-02549-0<\/a><\/li>\n<li><strong>Datli A<\/strong>, Yildirim MC, Ba\u015faran K. Experience with Cortical Tunnel Fixation in Endoscopic Brow Lift &#8211; Carrier Loop Modification. Selcuk Med J 2021;37(4):375-377. doi: 10.30733\/std.2021.01537<\/li>\n<li><strong>Datli A<\/strong>, Karasoy I, Zeynal M. Treating surgical site infection following posterior instrumentation with free style deepithelialized propellar flap: A case report. Jt Dis Relat Surg. 2021;32(2):531-535<\/li>\n<li>Caghan P, Vartano\u011flu Aktokmakyan T, Savas OA, <strong>Datli A<\/strong>, Nurili F, Yurdaisik I, Bozkurtgil N, Yavuz F, Sumer A. Retrospective analysis of the firdt 50 emergency\/elective surgical cases in terms of mortality and morbidity in CoVid-19 Pandemic Hospital in Istanbul. Ann. Ital. Chir. 2020; 91:563-567.<\/li>\n<li><strong>Datli A<\/strong>, Karasoy I, Genc Y, Pilanci O. The challenges of setting up a lower extremity reconstruction practice in a constrained environment. J Reconstr Microsurg. 2020 Jan ;37(1):67-74. doi: 10.1055\/s-0039-1701041.<\/li>\n<li><strong>Datli A<\/strong>, Suh H, Kim YC, Choi DH, Hong JP. Free-style Deepithelialized Propeller Flaps: An Ideal Local Flap to Obliterate Wounds with Dead Space. Plast Reconstr Surg Glob Open. 2017 Mar 16;5(3): e1249. doi: 10.1097\/GOX.0000000000001249.<\/li>\n<li>Basaran K, <strong>Datli A<\/strong>, Basat SO, Ozel A. Cyst formation following rhinoplasty and reconstruction with diced conchal cartilage wrapped in mastoid fascia following excision. J Craniofac Surg. 2015 Jul;26(5):1721. doi: 10.1097\/SCS.0000000000001776.<\/li>\n<li>Basaran K, Mercan ES, <strong>Datli A<\/strong>, Ozel A. Traumatic acute lymphangitis in the upper extremity. Hand Microsurg. 2014; 3(3): 70-73. <a href=\"http:\/\/dx.doi.org\/10.5455\/handmicrosurg.164517\" target=\"_blank\" rel=\"noopener\">doi:10.5455\/handmicrosurg.164517<\/a><\/li>\n<li><strong>Datli A<\/strong>, Pilanci O, Cortuk O, Saglam O, Kuvat SV. <a href=\"http:\/\/www.ncbi.nlm.nih.gov\/pubmed\/25119397\" target=\"_blank\" rel=\"noopener\">Ectopic tooth superiorly located in the maxillary sinus.<\/a> J Craniofac Surg. 2014 Sep;25(5):1927-8. doi: 10.1097\/SCS.0000000000000914.<\/li>\n<li>Basaran K, <strong>Datli A<\/strong>, Kurt M. <a href=\"http:\/\/www.ncbi.nlm.nih.gov\/pubmed\/24857425\" target=\"_blank\" rel=\"noopener\">An important diagnosis for the hand surgeon: &#8222;the clenched fist syndrome&#8220;.<\/a>J Plast Reconstr Aesthet Surg. 2014 Sep;67(9):1304-6. doi: 10.1016\/j.bjps.2014.04.027.<\/li>\n<li>Pilanc\u0131 O, Ak\u00f6z Saydam F, Ba\u015faran K, <strong>Datli A<\/strong>, G\u00fcven E. <a href=\"http:\/\/www.ncbi.nlm.nih.gov\/pubmed\/24347210\" target=\"_blank\" rel=\"noopener\">Management of soft tissue extremity degloving injuries with full-thickness grafts obtained from the avulsed flap.<\/a> Ulus Travma Acil Cerrahi Derg. 2013 Nov;19(6):516-20. doi: 10.5505\/tjtes.2013.64928.<\/li>\n<li>Pilanci O, Basaran K, <strong>Datli A<\/strong>, Kuvat SV. \u2018Roller coaster maneuver via lateral orbital approach\u2019 for reduction of isolated zygomatic arch fractures. J Craniofac Surg. 2013 Nov;24(6):2082-4. doi: 10.1097\/SCS.0b013e3182a2430a.<\/li>\n<\/ol>\n<p>&nbsp;<\/p>\n<h2>BUCHKAPITEL<\/h2>\n<ol>\n<li>Joon Pio Hong, Asli Datli (2023). Surgical Flaps in Wound Healing-An Update on Evidence-Based Management. In Mani, R. (eds) Chronic Wound Management. Springer, Cham. <a href=\"https:\/\/doi.org\/10.1007\/978-3-031-26110-7_12\" target=\"_blank\" rel=\"noopener\">https:\/\/doi.org\/10.1007\/978-3-031-26110-7_12<\/a><\/li>\n<\/ol>\n<h2>EINGELADENE FACULTY<\/h2>\n<ol>\n<li>\u2018Lower body lift with auto-prothesis\u2019.<\/li>\n<\/ol>\n<p>PRS KOREA 2020, 78. Kongress der Korean Society of Plastic and Reconstructive Surgeons (KSPRS) 13-15 Nov 2020, Online-Webinar<\/p>\n<ol start=\"2\">\n<li>\u2018Lower body lift using auto-prothesis technique.\u2019<\/li>\n<\/ol>\n<p>ASAN Plastic Surgery Symposium 6-7 Juli 2019, Seoul, S\u00fcdkorea<\/p>\n<ol start=\"3\">\n<li>\u2019Lower extremity reconstruction experiences in an under-capacity state hospital\u2019.<\/li>\n<\/ol>\n<p>4. Kongress der Asian Pacific Federation of Societies for Microsurgery (APFSRM) 9-13 Mai 2018, Antalya, T\u00fcrkei<\/p>\n<ol start=\"4\">\n<li>\u2018Wonder woman or damsel in distress?\u2019 Woman Microsurgery &#8211; Gender Gap\u2019.<\/li>\n<\/ol>\n<p>9. Kongress der World Society for Reconstructive Microsurgery (WSRM) 14-17 Jun 2017, Seoul, S\u00fcdkorea<\/p>\n<h2>M\u00dcNDLICHE VORTR\u00c4GE &#8211; INTERNATIONALE KONGRESSE<\/h2>\n<ol>\n<li>\u2018The Impact of High-Velocity Trauma on Vascular Structures: a rat model to gain further insight into the zone of injury concept for vessels\u2019<\/li>\n<\/ol>\n<p>(10. Nationaler Kongress f\u00fcr Rekonstruktive Mikrochirurgie und 3. Nationaler Kongress f\u00fcr Notfall-Handchirurgie und Mikrochirurgie 15 &#8211; 18 Mai 2024, Antalya, T\u00fcrkei)<\/p>\n<ol>\n<li><strong> Datli, <\/strong>K. Basaran, M. Sagir, M. Sar, E. Bilgi<\/li>\n<li>\u2018Our Experiences with Free-style Propeller Flaps for Complex Wound Reconstruction\u2019<\/li>\n<\/ol>\n<p>(2. Internationales Konya Mikrochirurgie-Meeting 29. September &#8211; 01. Oktober 2023)<\/p>\n<ol>\n<li><strong> Datli.<\/strong><\/li>\n<li>Application of the free-style brachial artery perforator based propellar flap in the management of axillary hidradenitis suppurativa.<\/li>\n<li><strong> Datli.<\/strong><\/li>\n<\/ol>\n<p>(11. Kongress der World Society for Reconstructive Microsurgery 2022, Cancun, Mexiko)<\/p>\n<ol start=\"4\">\n<li>Free-style Deepithelialized Propeller Flaps: An Ideal Local Flap to Obliterate Wounds with Dead Space.<\/li>\n<li><strong> Datli,<\/strong> H Suh, YC Kim, DH Choi, JP Hong.<\/li>\n<\/ol>\n<p>(10. Kongress der World Society for Reconstructive Microsurgery 2019, Bologna, Italien)<\/p>\n<ol start=\"5\">\n<li>Lower extremity reconstruction experiences in a remote region in Turkey.<\/li>\n<li><strong> Datli<\/strong>, I. Karasoy, Y. Genc.<\/li>\n<\/ol>\n<p>(14. Kongress der European Federation of Societies for Microsurgery 2018, Belgrad, Serbien)<\/p>\n<ol start=\"6\">\n<li>Free-style Deepithelialized Propeller Flaps: An Ideal Local Flap to Obliterate Wounds with Dead Space.<\/li>\n<li><strong> Datli<\/strong>, H Suh, YC Kim, DH Choi, JP Hong.<\/li>\n<\/ol>\n<p>(9. Kongress der World Society for Reconstructive Microsurgery 2017, Seoul, S\u00fcdkorea)<\/p>\n<ol start=\"7\">\n<li>The effect of preexisting comorbidities on wound healing and length of hospitalisation in acute burn injury.<\/li>\n<li>A. Saydam, <strong>A. Datli<\/strong>, S. O. Basat, I. K. Ba\u015faran, O. Pilanci, O. Demirel, M. Bozkurt.<\/li>\n<\/ol>\n<p>(16. Kongress der European Burns Association (EBA) 2015, Hannover, Deutschland)<\/p>\n<ol start=\"8\">\n<li>8. Should we go beyond the standardised treatment of chemical burns?<\/li>\n<li>O. Basat, <strong>A. Datli<\/strong>, M. Kurt, F. A. Saydam, I. K. Ba\u015faran, O. Pilanci, M. Bozkurt.<\/li>\n<\/ol>\n<p>(16<sub>th<\/sub> Kongress der European Burns Association (EBA) 2015, Hannover, Deutschland)<\/p>\n<ol start=\"9\">\n<li>9. Problem of the age \u2013 folk remedy.<\/li>\n<li>O. Basat, F. Ceran, I. K. Ba\u015faran, <strong>A. Datli<\/strong>, F. A. Saydam, G. Filinte M. Bozkurt.<\/li>\n<\/ol>\n<p>(16. Kongress der European Burns Association (EBA) 2015, Hannover, Deutschland<\/p>\n<ol start=\"10\">\n<li>Advantages and clinical outcomes of autolgous fat lipofilling as treatment modalitiy of hypertrophic burn scars.<\/li>\n<li>\u00d6zel, O. Demirel, S. O. Basat, Ba\u015faran K., F. Ak\u00f6z Saylan, \u00d6. Pilanci, M. Bozkurt, <strong>A. Datli,<\/strong> B. Cin.<\/li>\n<\/ol>\n<p>(16<sub>th<\/sub> Kongress der European Burns Association (EBA) 2015, Hannover, Deutschland )<\/p>\n<h2>M\u00dcNDLICHE VORTR\u00c4GE &#8211; NATIONALE KONGRESSE<\/h2>\n<ol>\n<li>Hiperbarik Oksijen ve Ozon Tedavilerinin Ayr\u0131 Ayr\u0131 ve Birlikte Kullan\u0131mlar\u0131n\u0131n I<\/li>\n<\/ol>\n<p>skemi Reperfu\u0308zyon Hasar\u0131na Etkilerinin Deg\u0306erlendirilmesi ve Kars\u0327\u0131las\u0327t\u0131r\u0131lmas\u0131: Rat Rektus Abdominis Kas Flebinde Deneysel C\u0327al\u0131s\u0327ma<\/p>\n<ol>\n<li><strong> Datli<\/strong>, O. Pilanci, M. Bozkurt, S.V. Kuvat<\/li>\n<\/ol>\n<p>(38. Jahreskongress der Turkish Society for Plastic, Reconstructive and Aesthetic Surgeons (TSPRAS) 2016, Antalya, T\u00fcrkei))<\/p>\n<ol start=\"2\">\n<li><a href=\"http:\/\/www.ncbi.nlm.nih.gov\/pubmed\/24347210\" target=\"_blank\" rel=\"noopener\">Management of soft tissue extremity degloving injuries with full-thickness grafts obtained from the avulsed flap.<\/a><\/li>\n<\/ol>\n<p>\u00d6. Pilanc\u0131, K. Ba\u015faran, <strong>A. Datli<\/strong>, F. Ak\u00f6z Saydam.<\/p>\n<p>(34. Jahreskongress der Turkish Society for Plastic, Reconstructive and Aesthetic Surgeons (TSPRAS) 2012, Antalya, T\u00fcrkei)<\/p>\n<h2>POSTER<\/h2>\n<ol>\n<li>The effect of pregnancy on burn scars.<\/li>\n<\/ol>\n<p><strong>Datli A.<\/strong>, \u00d6zel A., Saydam F.A., Basat S.O., Ba\u015faran I. K., Pilanci O., Bozkurt M.<\/p>\n<p>(16. EBA-Kongress 2015, Hannover, Deutschland, 37. Jahreskongress der TSPRAS 2015, Ankara T\u00fcrkei)<\/p>\n<ol start=\"2\">\n<li>The negative pressure wound therapy in melting graft-wound syndrome: a fast-working impressive option.<\/li>\n<\/ol>\n<p>Kurt M., <strong>Datli A.<\/strong>, Demirel O., Basaran I.K., Akoz Saydam F.<\/p>\n<p>(16. EBA-Kongress 2015, Hannover, Deutschland, 37. Jahreskongress der TSPRAS 2015, Ankara T\u00fcrkei)<\/p>\n<ol start=\"3\">\n<li>A modified abdominal flap design for wound coverage in multiple digital burn injury.<\/li>\n<\/ol>\n<p>Ersin I., Basaran K., Demirel O., Saydam F. A., <strong>Datli A<\/strong>.<\/p>\n<p>(16. EBA-Kongress 2015, Hannover, Deutschland)<\/p>\n<ol start=\"4\">\n<li>The art of finding solutions from problems: Plastic Surgery.<\/li>\n<\/ol>\n<p><strong>Datli A.<\/strong>, Sen E., Ozel A.<\/p>\n<p>(37. Jahreskongress der TSPRAS 2015, Ankara, T\u00fcrkei)<\/p>\n<ol start=\"5\">\n<li>Utilizations of implants for rhinoplasty: solution or problem?<\/li>\n<\/ol>\n<p>Sen E., <strong>Datli A.,<\/strong> Ozel A.<\/p>\n<p>(37. Jahreskongress der TSPRAS 2015, Ankara, T\u00fcrkei)<\/p>\n<ol start=\"6\">\n<li>The effect of preexisting comorbidities on wound healing and length of hospitalisation in acute burn injury.<\/li>\n<\/ol>\n<p>Saydam F. A., <strong>Datli A.<\/strong>, Basat S.O., Ba\u015faran I. K., Pilanci O., Demirel O., Bozkurt M..<\/p>\n<p>(37. Jahreskongress der TSPRAS 2015, Ankara, T\u00fcrkei)<\/p>\n<ol start=\"7\">\n<li>Should we go beyond the standardised treatment of chemical burns?<\/li>\n<\/ol>\n<p>Basat S.O., <strong>Datli<\/strong> <strong>A.<\/strong>, Kurt M., Saydam F. A., Ba\u015faran I. K., Pilanci O., Bozkurt M..<\/p>\n<p>(37. Jahreskongress der TSPRAS 2015, Ankara, T\u00fcrkei)<\/p>\n<ol start=\"8\">\n<li>Problem of the age \u2013 folk remedy.<\/li>\n<\/ol>\n<p>Basat S.O., Ceran F., Ba\u015faran I. K., <strong>Datli<\/strong> <strong>A.<\/strong>, Saydam F. A., Filinte G., Bozkurt M..<\/p>\n<p>(37. Jahreskongress der TSPRAS 2015, Ankara, T\u00fcrkei)<\/p>\n<ol start=\"9\">\n<li>Association of gestation and estrogen receptors in cutaneous lobular capillary hemangioma.<\/li>\n<\/ol>\n<p>Ozel A., <strong>Datli A.<\/strong>, Basat S. O., Ersin I, Ceran F., Akoz Saydam F., Basaran K.<\/p>\n<p>(9th British Association of Plastic Reconstructive and Aesthetic Surgeons (BAPRAS) 2015, Thesseloniki Griechenland, 36. Jahreskongress der TSPRAS 2014, Istanbul, T\u00fcrkei)<\/p>\n<ol start=\"10\">\n<li>Single-session breast reconstruction in a patient with amastia and ectodermal dysplasia.<\/li>\n<\/ol>\n<p>Ozel A., <strong>Datli A.<\/strong>, Akoz Saydam F., Basat S.O. Basaran I.K., Pilanci O.<\/p>\n<p>(9. BAPRAS 2015, Thesseloniki, Griechenland, 36. Jahreskongress der TSPRAS 2014, Istanbul T\u00fcrkei)<\/p>\n<ol start=\"11\">\n<li>Atypical squamous cell carcinoma in Gluteal Region.<\/li>\n<\/ol>\n<p><strong>Datli A.<\/strong>, Akoz Saydam F.<\/p>\n<p>(36. Jahreskongress der TSPRAS 2014, Istanbul, T\u00fcrkei)<\/p>\n<ol start=\"12\">\n<li>Cyst formation following rhinoplasty and reconstruction with diced conchal cartilage wrapped in mastoid fascia following excision.<\/li>\n<\/ol>\n<p>Basaran K., <strong>Datli A.<\/strong>, Basat S.O., Ozel A.<\/p>\n<p>(36. Jahreskongress der TSPRAS 2014, Istanbul, T\u00fcrkei)<\/p>\n<ol start=\"13\">\n<li>A variation of median nerve at the level of forearm: Case Report<\/li>\n<\/ol>\n<p><strong>Datli A.<\/strong>, Sen Mercan E., Akoz Saydam F., Basaran K.<\/p>\n<p>(34. Jahreskongress der TSPRAS 2012, Antalya, T\u00fcrkei)<\/p>\n","protected":false},"excerpt":{"rendered":"<p>ASLI DATLI Dr. DOZENTIN \/ LEHRBEAUFTRAGTE E-MAIL: aslidatli@gmail.com ADRESSE: Ulus Ahmet Adnan Saygun cad. Canan Sk. 34340 Be\u015fikta\u015f \u0130stanbul KLINISCHE LAUFBAHN 2025- Heute Istinye University, LIV Hospital, Ulus Istanbul, T\u00dcRKEI 2019- 2025 Istinye University, Medicalpark GOP Hospital Istanbul, T\u00dcRKEI 2018-2019 Ayd\u0131n University, Medicalpark Liv Florya Hospital Istanbul, T\u00fcrkei 2016 &#8211; 2018 Gumushane State Hospital Gumushane, [&hellip;]<\/p>\n","protected":false},"author":1,"featured_media":395,"parent":0,"menu_order":0,"comment_status":"closed","ping_status":"closed","template":"","meta":{"footnotes":""},"class_list":["post-394","page","type-page","status-publish","has-post-thumbnail","hentry"],"_links":{"self":[{"href":"https:\/\/www.ayzclinic.com\/de\/wp-json\/wp\/v2\/pages\/394","targetHints":{"allow":["GET"]}}],"collection":[{"href":"https:\/\/www.ayzclinic.com\/de\/wp-json\/wp\/v2\/pages"}],"about":[{"href":"https:\/\/www.ayzclinic.com\/de\/wp-json\/wp\/v2\/types\/page"}],"author":[{"embeddable":true,"href":"https:\/\/www.ayzclinic.com\/de\/wp-json\/wp\/v2\/users\/1"}],"replies":[{"embeddable":true,"href":"https:\/\/www.ayzclinic.com\/de\/wp-json\/wp\/v2\/comments?post=394"}],"version-history":[{"count":4,"href":"https:\/\/www.ayzclinic.com\/de\/wp-json\/wp\/v2\/pages\/394\/revisions"}],"predecessor-version":[{"id":408,"href":"https:\/\/www.ayzclinic.com\/de\/wp-json\/wp\/v2\/pages\/394\/revisions\/408"}],"wp:featuredmedia":[{"embeddable":true,"href":"https:\/\/www.ayzclinic.com\/de\/wp-json\/wp\/v2\/media\/395"}],"wp:attachment":[{"href":"https:\/\/www.ayzclinic.com\/de\/wp-json\/wp\/v2\/media?parent=394"}],"curies":[{"name":"wp","href":"https:\/\/api.w.org\/{rel}","templated":true}]}}