{"id":341,"date":"2026-01-30T17:20:40","date_gmt":"2026-01-30T14:20:40","guid":{"rendered":"https:\/\/www.ayzclinic.com\/hakkimizda\/"},"modified":"2026-02-11T13:48:36","modified_gmt":"2026-02-11T10:48:36","slug":"ueber-uns","status":"publish","type":"page","link":"https:\/\/www.ayzclinic.com\/de\/ueber-uns\/","title":{"rendered":"\u00dcber uns"},"content":{"rendered":"<p data-start=\"1624\" data-end=\"2080\">Ayz Clinic ist ein auf Gesundheitstourismus spezialisiertes Beratungszentrum und bietet internationale Dienstleistungen in vielen Bereichen an, insbesondere in der Fettabsaugung, \u00e4sthetischen chirurgischen Behandlungen und Adipositastherapien. Unser Zentrum verfolgt das Ziel, Patientinnen und Patienten, die f\u00fcr medizinische Behandlungen aus dem Ausland in die T\u00fcrkei reisen, eine sichere, transparente und gut organisierte Behandlungserfahrung zu bieten.<\/p>\n<p data-start=\"2082\" data-end=\"2582\">Ayz Clinic arbeitet mit erfahrenen und qualifizierten \u00c4rzten sowie renommierten, voll ausgestatteten Krankenh\u00e4usern zusammen und begleitet den gesamten Behandlungsprozess mit gr\u00f6\u00dfter Sorgfalt. Bereits ab dem ersten Kontakt werden die individuellen Bed\u00fcrfnisse der Patienten analysiert, ma\u00dfgeschneiderte Behandlungspl\u00e4ne erstellt und alle Schritte professionell koordiniert. Neben der medizinischen Planung werden auch Unterkunft, VIP-Transfers und die postoperative Nachsorge vollst\u00e4ndig organisiert.<\/p>\n<p data-start=\"2584\" data-end=\"3005\">Die Patientenzufriedenheit steht bei Ayz Clinic im Mittelpunkt. Dabei liegt der Fokus nicht nur auf medizinischen Ergebnissen, sondern auch darauf, dass sich die Patienten w\u00e4hrend des gesamten Prozesses sicher und wohl f\u00fchlen. Mit transparenter Information, ethischem Handeln und einem nachhaltigen Qualit\u00e4tsanspruch verfolgt unser Zentrum das Ziel, h\u00f6chste Standards im Gesundheits- und \u00c4sthetikbereich zu gew\u00e4hrleisten.<\/p>\n<p data-start=\"3007\" data-end=\"3223\">Mit sicheren Behandlungsabl\u00e4ufen, professionellen Beratungsleistungen und einem starken Fokus auf die internationale Patientenerfahrung bleibt Ayz Clinic ein verl\u00e4sslicher Partner im Bereich des Gesundheitstourismus.<\/p>\n","protected":false},"excerpt":{"rendered":"<p>Ayz Clinic ist ein auf Gesundheitstourismus spezialisiertes Beratungszentrum und bietet internationale Dienstleistungen in vielen Bereichen an, insbesondere in der Fettabsaugung, \u00e4sthetischen chirurgischen Behandlungen und Adipositastherapien. Unser Zentrum verfolgt das Ziel, Patientinnen und Patienten, die f\u00fcr medizinische Behandlungen aus dem Ausland in die T\u00fcrkei reisen, eine sichere, transparente und gut organisierte Behandlungserfahrung zu bieten. Ayz Clinic [&hellip;]<\/p>\n","protected":false},"author":1,"featured_media":342,"parent":0,"menu_order":0,"comment_status":"closed","ping_status":"closed","template":"","meta":{"footnotes":""},"class_list":["post-341","page","type-page","status-publish","has-post-thumbnail","hentry"],"_links":{"self":[{"href":"https:\/\/www.ayzclinic.com\/de\/wp-json\/wp\/v2\/pages\/341","targetHints":{"allow":["GET"]}}],"collection":[{"href":"https:\/\/www.ayzclinic.com\/de\/wp-json\/wp\/v2\/pages"}],"about":[{"href":"https:\/\/www.ayzclinic.com\/de\/wp-json\/wp\/v2\/types\/page"}],"author":[{"embeddable":true,"href":"https:\/\/www.ayzclinic.com\/de\/wp-json\/wp\/v2\/users\/1"}],"replies":[{"embeddable":true,"href":"https:\/\/www.ayzclinic.com\/de\/wp-json\/wp\/v2\/comments?post=341"}],"version-history":[{"count":1,"href":"https:\/\/www.ayzclinic.com\/de\/wp-json\/wp\/v2\/pages\/341\/revisions"}],"predecessor-version":[{"id":345,"href":"https:\/\/www.ayzclinic.com\/de\/wp-json\/wp\/v2\/pages\/341\/revisions\/345"}],"wp:featuredmedia":[{"embeddable":true,"href":"https:\/\/www.ayzclinic.com\/de\/wp-json\/wp\/v2\/media\/342"}],"wp:attachment":[{"href":"https:\/\/www.ayzclinic.com\/de\/wp-json\/wp\/v2\/media?parent=341"}],"curies":[{"name":"wp","href":"https:\/\/api.w.org\/{rel}","templated":true}]}}